{"id":138,"date":"2014-11-24T04:56:55","date_gmt":"2014-11-24T04:56:55","guid":{"rendered":"http:\/\/demo.themegrill.com\/spacious\/?page_id=138"},"modified":"2022-08-23T17:25:26","modified_gmt":"2022-08-23T15:25:26","slug":"video-tutorial","status":"publish","type":"page","link":"https:\/\/oniris-ci.com\/index.php\/video-tutorial\/","title":{"rendered":"Tutoriels"},"content":{"rendered":"\n<p>Avec cette s\u00e9rie de vid\u00e9os, m\u00eame un simple profane sans aucune connaissance en paie peut configurer le logiciel, cr\u00e9er des salari\u00e9s et imprimer son premier bulletin de paie. Nous avons fait de notre mieux pour rendre les vid\u00e9os simples et claires.<\/p>\n\n\n\n<h2 class=\"wp-block-heading\">Pr\u00e9sentation d&rsquo;Akwaba Paie<\/h2>\n\n\n\n<figure class=\"wp-block-embed is-type-video is-provider-youtube wp-block-embed-youtube wp-embed-aspect-16-9 wp-has-aspect-ratio\"><div class=\"wp-block-embed__wrapper\">\n<iframe title=\"Akwaba Paie, qu&#039;est ce que c&#039;est ?\" width=\"750\" height=\"422\" src=\"https:\/\/www.youtube.com\/embed\/NpfaJsQwMvY?start=9&#038;feature=oembed\" frameborder=\"0\" allow=\"accelerometer; autoplay; clipboard-write; encrypted-media; gyroscope; picture-in-picture\" allowfullscreen><\/iframe>\n<\/div><\/figure>\n\n\n\n<p><\/p>\n\n\n\n<p><\/p>\n\n\n\n<p><\/p>\n\n\n\n<h2 class=\"wp-block-heading\"><strong>S\u00e9rie de tutoriels Akwaba Paie<\/strong><\/h2>\n\n\n\n<h3 class=\"wp-block-heading\">1. Pyramide des \u00e2ges avec Akwaba Paie<\/h3>\n\n\n\n<figure class=\"wp-block-embed is-type-video is-provider-youtube wp-block-embed-youtube wp-embed-aspect-16-9 wp-has-aspect-ratio\"><div class=\"wp-block-embed__wrapper\">\n<iframe title=\"Pyramide des \u00e2ges avec Akwaba Paie\" width=\"750\" height=\"422\" src=\"https:\/\/www.youtube.com\/embed\/rwq4GHKTvdw?feature=oembed\" frameborder=\"0\" allow=\"accelerometer; autoplay; clipboard-write; encrypted-media; gyroscope; picture-in-picture\" allowfullscreen><\/iframe>\n<\/div><\/figure>\n\n\n\n<h2 class=\"wp-block-heading\">&nbsp;<\/h2>\n\n\n\n<h3 class=\"wp-block-heading\">2. Calcul des heures suppl\u00e9mentaires avec Akwaba Paie<\/h3>\n\n\n\n<figure class=\"wp-block-embed is-type-video is-provider-youtube wp-block-embed-youtube wp-embed-aspect-16-9 wp-has-aspect-ratio\"><div class=\"wp-block-embed__wrapper\">\n<iframe title=\"Calcul des heures suppl\u00e9mentaires avec Akwaba Paie\" width=\"750\" height=\"422\" src=\"https:\/\/www.youtube.com\/embed\/cHMWzER0xAM?feature=oembed\" frameborder=\"0\" allow=\"accelerometer; autoplay; clipboard-write; encrypted-media; gyroscope; picture-in-picture\" allowfullscreen><\/iframe>\n<\/div><\/figure>\n\n\n\n<h2 class=\"wp-block-heading\">&nbsp;<\/h2>\n\n\n\n<h3 class=\"wp-block-heading\">3. Cr\u00e9ation de Salari\u00e9 avec Akwaba Paie<\/h3>\n\n\n\n<figure class=\"wp-block-embed is-type-video is-provider-youtube wp-block-embed-youtube wp-embed-aspect-16-9 wp-has-aspect-ratio\"><div class=\"wp-block-embed__wrapper\">\n<iframe title=\"Cr\u00e9ation de Salari\u00e9 avec Akwaba Paie\" width=\"750\" height=\"422\" src=\"https:\/\/www.youtube.com\/embed\/XpIO4ud5VPU?feature=oembed\" frameborder=\"0\" allow=\"accelerometer; autoplay; clipboard-write; encrypted-media; gyroscope; picture-in-picture\" allowfullscreen><\/iframe>\n<\/div><\/figure>\n","protected":false},"excerpt":{"rendered":"<p>Avec cette s\u00e9rie de vid\u00e9os, m\u00eame un simple profane sans aucune connaissance en paie peut configurer le logiciel, cr\u00e9er des salari\u00e9s et imprimer son premier bulletin de paie. Nous avons fait de notre mieux pour rendre les vid\u00e9os simples et<\/p>\n","protected":false},"author":2,"featured_media":0,"parent":0,"menu_order":0,"comment_status":"closed","ping_status":"open","template":"","meta":{"footnotes":""},"class_list":["post-138","page","type-page","status-publish","hentry"],"_links":{"self":[{"href":"https:\/\/oniris-ci.com\/index.php\/wp-json\/wp\/v2\/pages\/138","targetHints":{"allow":["GET"]}}],"collection":[{"href":"https:\/\/oniris-ci.com\/index.php\/wp-json\/wp\/v2\/pages"}],"about":[{"href":"https:\/\/oniris-ci.com\/index.php\/wp-json\/wp\/v2\/types\/page"}],"author":[{"embeddable":true,"href":"https:\/\/oniris-ci.com\/index.php\/wp-json\/wp\/v2\/users\/2"}],"replies":[{"embeddable":true,"href":"https:\/\/oniris-ci.com\/index.php\/wp-json\/wp\/v2\/comments?post=138"}],"version-history":[{"count":3,"href":"https:\/\/oniris-ci.com\/index.php\/wp-json\/wp\/v2\/pages\/138\/revisions"}],"predecessor-version":[{"id":803,"href":"https:\/\/oniris-ci.com\/index.php\/wp-json\/wp\/v2\/pages\/138\/revisions\/803"}],"wp:attachment":[{"href":"https:\/\/oniris-ci.com\/index.php\/wp-json\/wp\/v2\/media?parent=138"}],"curies":[{"name":"wp","href":"https:\/\/api.w.org\/{rel}","templated":true}]}}